{"id":2,"date":"2024-04-26T17:28:37","date_gmt":"2024-04-26T15:28:37","guid":{"rendered":"https:\/\/manonjeanpert.com\/?page_id=2"},"modified":"2026-04-09T14:52:13","modified_gmt":"2026-04-09T12:52:13","slug":"page-principale","status":"publish","type":"page","link":"https:\/\/manonjeanpert.com\/","title":{"rendered":"Pr\u00e9sentation"},"content":{"rendered":"\n<p>Studio priv\u00e9 \u2022 Approche sur mesure \u2022 Expertise &amp; hygi\u00e8ne irr\u00e9prochable<\/p>\n\n\n\n<p>\u00c0 deux pas du Parc de la T\u00eate d\u2019Or, je vous accueille dans un espace d\u00e9di\u00e9, pens\u00e9 pour offrir des prestations pr\u00e9cises, durables et adapt\u00e9es \u00e0 chaque cliente.<\/p>\n\n\n\n<blockquote class=\"wp-block-quote is-layout-flow wp-block-quote-is-layout-flow\">\n<p>Je suis fi\u00e8re de cr\u00e9er une exp\u00e9rience de manucure qui allie expertise professionnelle, commodit\u00e9 et hygi\u00e8ne.<\/p>\n\n\n\n<figure class=\"wp-block-gallery has-nested-images columns-4 is-cropped wp-block-gallery-1 is-layout-flex wp-block-gallery-is-layout-flex\">\n<figure class=\"wp-block-image size-large\"><img loading=\"lazy\" decoding=\"async\" width=\"1024\" height=\"1024\" data-id=\"228\" src=\"https:\/\/manonjeanpert.com\/wp-content\/uploads\/2025\/04\/thumbnail_Photoroom_20250418_165129-1024x1024.jpg\" alt=\"\" class=\"wp-image-228\" srcset=\"https:\/\/manonjeanpert.com\/wp-content\/uploads\/2025\/04\/thumbnail_Photoroom_20250418_165129-1024x1024.jpg 1024w, https:\/\/manonjeanpert.com\/wp-content\/uploads\/2025\/04\/thumbnail_Photoroom_20250418_165129-300x300.jpg 300w, https:\/\/manonjeanpert.com\/wp-content\/uploads\/2025\/04\/thumbnail_Photoroom_20250418_165129-150x150.jpg 150w, https:\/\/manonjeanpert.com\/wp-content\/uploads\/2025\/04\/thumbnail_Photoroom_20250418_165129-768x768.jpg 768w, https:\/\/manonjeanpert.com\/wp-content\/uploads\/2025\/04\/thumbnail_Photoroom_20250418_165129-1536x1536.jpg 1536w, https:\/\/manonjeanpert.com\/wp-content\/uploads\/2025\/04\/thumbnail_Photoroom_20250418_165129.jpg 1920w\" sizes=\"auto, (max-width: 1024px) 100vw, 1024px\" \/><\/figure>\n\n\n\n<figure class=\"wp-block-image size-large\"><img loading=\"lazy\" decoding=\"async\" width=\"1024\" height=\"1024\" data-id=\"229\" src=\"https:\/\/manonjeanpert.com\/wp-content\/uploads\/2025\/04\/thumbnail_Photoroom_20250301_205622-1024x1024.jpg\" alt=\"\" class=\"wp-image-229\" srcset=\"https:\/\/manonjeanpert.com\/wp-content\/uploads\/2025\/04\/thumbnail_Photoroom_20250301_205622-1024x1024.jpg 1024w, https:\/\/manonjeanpert.com\/wp-content\/uploads\/2025\/04\/thumbnail_Photoroom_20250301_205622-300x300.jpg 300w, https:\/\/manonjeanpert.com\/wp-content\/uploads\/2025\/04\/thumbnail_Photoroom_20250301_205622-150x150.jpg 150w, https:\/\/manonjeanpert.com\/wp-content\/uploads\/2025\/04\/thumbnail_Photoroom_20250301_205622-768x768.jpg 768w, https:\/\/manonjeanpert.com\/wp-content\/uploads\/2025\/04\/thumbnail_Photoroom_20250301_205622-1536x1536.jpg 1536w, https:\/\/manonjeanpert.com\/wp-content\/uploads\/2025\/04\/thumbnail_Photoroom_20250301_205622.jpg 1920w\" sizes=\"auto, (max-width: 1024px) 100vw, 1024px\" \/><\/figure>\n\n\n\n<figure class=\"wp-block-image size-large\"><img loading=\"lazy\" decoding=\"async\" width=\"1024\" height=\"1024\" data-id=\"230\" src=\"https:\/\/manonjeanpert.com\/wp-content\/uploads\/2025\/04\/thumbnail_Photoroom_20250413_142744-1024x1024.jpg\" alt=\"\" class=\"wp-image-230\" srcset=\"https:\/\/manonjeanpert.com\/wp-content\/uploads\/2025\/04\/thumbnail_Photoroom_20250413_142744-1024x1024.jpg 1024w, https:\/\/manonjeanpert.com\/wp-content\/uploads\/2025\/04\/thumbnail_Photoroom_20250413_142744-300x300.jpg 300w, https:\/\/manonjeanpert.com\/wp-content\/uploads\/2025\/04\/thumbnail_Photoroom_20250413_142744-150x150.jpg 150w, https:\/\/manonjeanpert.com\/wp-content\/uploads\/2025\/04\/thumbnail_Photoroom_20250413_142744-768x768.jpg 768w, https:\/\/manonjeanpert.com\/wp-content\/uploads\/2025\/04\/thumbnail_Photoroom_20250413_142744-1536x1536.jpg 1536w, https:\/\/manonjeanpert.com\/wp-content\/uploads\/2025\/04\/thumbnail_Photoroom_20250413_142744.jpg 1920w\" sizes=\"auto, (max-width: 1024px) 100vw, 1024px\" \/><\/figure>\n\n\n\n<figure class=\"wp-block-image size-large\"><img loading=\"lazy\" decoding=\"async\" width=\"1024\" height=\"1024\" data-id=\"208\" src=\"https:\/\/manonjeanpert.com\/wp-content\/uploads\/2024\/12\/Photoroom_20241229_144508-1024x1024.jpeg\" alt=\"\" class=\"wp-image-208\" srcset=\"https:\/\/manonjeanpert.com\/wp-content\/uploads\/2024\/12\/Photoroom_20241229_144508-1024x1024.jpeg 1024w, https:\/\/manonjeanpert.com\/wp-content\/uploads\/2024\/12\/Photoroom_20241229_144508-300x300.jpeg 300w, https:\/\/manonjeanpert.com\/wp-content\/uploads\/2024\/12\/Photoroom_20241229_144508-150x150.jpeg 150w, https:\/\/manonjeanpert.com\/wp-content\/uploads\/2024\/12\/Photoroom_20241229_144508-768x768.jpeg 768w, https:\/\/manonjeanpert.com\/wp-content\/uploads\/2024\/12\/Photoroom_20241229_144508-1536x1536.jpeg 1536w, https:\/\/manonjeanpert.com\/wp-content\/uploads\/2024\/12\/Photoroom_20241229_144508-2048x2048.jpeg 2048w\" sizes=\"auto, (max-width: 1024px) 100vw, 1024px\" \/><\/figure>\n<\/figure>\n<\/blockquote>\n\n\n\n<hr class=\"wp-block-separator has-alpha-channel-opacity\"\/>\n\n\n\n<div class=\"wp-block-buttons is-content-justification-center is-layout-flex wp-container-core-buttons-is-layout-a89b3969 wp-block-buttons-is-layout-flex\">\n<div class=\"wp-block-button\"><a class=\"wp-block-button__link wp-element-button\" href=\"#Formulaire\">CONTACTEZ MOI !<\/a><\/div>\n<\/div>\n\n\n\n<hr class=\"wp-block-separator has-alpha-channel-opacity\"\/>\n\n\n\n<h2 class=\"wp-block-heading\">Nouvelle Prestation : Beaut\u00e9 du regard<\/h2>\n\n\n\n<p>Profitez du rehaussement de cils, BROWLIFT, teinture de cils ou sourcils \u00e0 votre domicile<\/p>\n\n\n\n<figure class=\"wp-block-gallery has-nested-images columns-default is-cropped wp-block-gallery-2 is-layout-flex wp-block-gallery-is-layout-flex\">\n<figure class=\"wp-block-image size-large\"><img loading=\"lazy\" decoding=\"async\" width=\"1024\" height=\"1024\" data-id=\"233\" src=\"https:\/\/manonjeanpert.com\/wp-content\/uploads\/2025\/04\/thumbnail_Photoroom_20250416_211123-1024x1024.jpg\" alt=\"\" class=\"wp-image-233\" srcset=\"https:\/\/manonjeanpert.com\/wp-content\/uploads\/2025\/04\/thumbnail_Photoroom_20250416_211123-1024x1024.jpg 1024w, https:\/\/manonjeanpert.com\/wp-content\/uploads\/2025\/04\/thumbnail_Photoroom_20250416_211123-300x300.jpg 300w, https:\/\/manonjeanpert.com\/wp-content\/uploads\/2025\/04\/thumbnail_Photoroom_20250416_211123-150x150.jpg 150w, https:\/\/manonjeanpert.com\/wp-content\/uploads\/2025\/04\/thumbnail_Photoroom_20250416_211123-768x768.jpg 768w, https:\/\/manonjeanpert.com\/wp-content\/uploads\/2025\/04\/thumbnail_Photoroom_20250416_211123-1536x1536.jpg 1536w, https:\/\/manonjeanpert.com\/wp-content\/uploads\/2025\/04\/thumbnail_Photoroom_20250416_211123.jpg 1920w\" sizes=\"auto, (max-width: 1024px) 100vw, 1024px\" \/><\/figure>\n\n\n\n<figure class=\"wp-block-image size-large\"><img loading=\"lazy\" decoding=\"async\" width=\"1024\" height=\"1024\" data-id=\"143\" src=\"https:\/\/manonjeanpert.com\/wp-content\/uploads\/2024\/10\/thumbnail_IMG_6374-1024x1024.jpg\" alt=\"\" class=\"wp-image-143\" srcset=\"https:\/\/manonjeanpert.com\/wp-content\/uploads\/2024\/10\/thumbnail_IMG_6374-1024x1024.jpg 1024w, https:\/\/manonjeanpert.com\/wp-content\/uploads\/2024\/10\/thumbnail_IMG_6374-300x300.jpg 300w, https:\/\/manonjeanpert.com\/wp-content\/uploads\/2024\/10\/thumbnail_IMG_6374-150x150.jpg 150w, https:\/\/manonjeanpert.com\/wp-content\/uploads\/2024\/10\/thumbnail_IMG_6374-768x768.jpg 768w, https:\/\/manonjeanpert.com\/wp-content\/uploads\/2024\/10\/thumbnail_IMG_6374-1536x1536.jpg 1536w, https:\/\/manonjeanpert.com\/wp-content\/uploads\/2024\/10\/thumbnail_IMG_6374.jpg 1920w\" sizes=\"auto, (max-width: 1024px) 100vw, 1024px\" \/><\/figure>\n<\/figure>\n\n\n\n<hr class=\"wp-block-separator has-alpha-channel-opacity\"\/>\n\n\n\n<h2 class=\"wp-block-heading\" id=\"entreprise\">L\u2019entreprise<\/h2>\n\n\n\n<p>Bienvenue chez Art des Ongles, un univers d\u00e9di\u00e9 \u00e0 la beaut\u00e9 et au raffinement ! Ce qui me distingue v\u00e9ritablement de mes concurrents, c&rsquo;est mon engagement in\u00e9branlable envers l&rsquo;hygi\u00e8ne. \u00c0 chaque \u00e9tape de mon service, je mets l&rsquo;accent sur une st\u00e9rilisation rigoureuse de mon \u00e9quipement et de mes outils. Je crois fermement que la sant\u00e9 et le bien-\u00eatre de mes clientes sont primordiaux, c&rsquo;est pourquoi je fais de la st\u00e9rilisation une priorit\u00e9 absolue.<\/p>\n\n\n\n<hr class=\"wp-block-separator has-alpha-channel-opacity\"\/>\n\n\n\n<h2 class=\"wp-block-heading\" id=\"concept\">Le concept<\/h2>\n\n\n\n<p>En tant que proth\u00e9siste ongulaire mobile, mon engagement est de vous offrir une exp\u00e9rience de beaut\u00e9 personnalis\u00e9e, o\u00f9 qualit\u00e9 et hygi\u00e8ne sont mes priorit\u00e9s absolues. Chaque cliente est unique et pr\u00e9cieuse, c&rsquo;est pourquoi j&rsquo;utilise des mat\u00e9riaux st\u00e9rilis\u00e9s pour chaque s\u00e9ance et je veille \u00e0 ne jamais r\u00e9utiliser le m\u00eame mat\u00e9riel entre diff\u00e9rentes personnes. Chaque cliente est choy\u00e9e avec une pochette individuelle contenant une lime et un bloc d\u00e9di\u00e9s \u00e0 un usage personnel, d\u00e9sinfect\u00e9s et st\u00e9rilis\u00e9s apr\u00e8s chaque utilisation, assurant ainsi un environnement d&rsquo;une propret\u00e9 irr\u00e9prochable et une prestation de qualit\u00e9 sup\u00e9rieure.<\/p>\n\n\n\n<figure class=\"wp-block-gallery has-nested-images columns-default is-cropped wp-block-gallery-3 is-layout-flex wp-block-gallery-is-layout-flex\">\n<figure class=\"wp-block-image size-medium\"><img loading=\"lazy\" decoding=\"async\" width=\"300\" height=\"300\" data-id=\"67\" src=\"https:\/\/manonjeanpert.com\/wp-content\/uploads\/2024\/05\/concept01-300x300.png\" alt=\"\" class=\"wp-image-67\" srcset=\"https:\/\/manonjeanpert.com\/wp-content\/uploads\/2024\/05\/concept01-300x300.png 300w, https:\/\/manonjeanpert.com\/wp-content\/uploads\/2024\/05\/concept01-150x150.png 150w, https:\/\/manonjeanpert.com\/wp-content\/uploads\/2024\/05\/concept01.png 400w\" sizes=\"auto, (max-width: 300px) 100vw, 300px\" \/><\/figure>\n\n\n\n<figure class=\"wp-block-image size-large\"><img loading=\"lazy\" decoding=\"async\" width=\"400\" height=\"400\" data-id=\"65\" src=\"https:\/\/manonjeanpert.com\/wp-content\/uploads\/2024\/05\/concept03.png\" alt=\"\" class=\"wp-image-65\" srcset=\"https:\/\/manonjeanpert.com\/wp-content\/uploads\/2024\/05\/concept03.png 400w, https:\/\/manonjeanpert.com\/wp-content\/uploads\/2024\/05\/concept03-300x300.png 300w, https:\/\/manonjeanpert.com\/wp-content\/uploads\/2024\/05\/concept03-150x150.png 150w\" sizes=\"auto, (max-width: 400px) 100vw, 400px\" \/><\/figure>\n\n\n\n<figure class=\"wp-block-image size-large\"><img loading=\"lazy\" decoding=\"async\" width=\"400\" height=\"400\" data-id=\"66\" src=\"https:\/\/manonjeanpert.com\/wp-content\/uploads\/2024\/05\/concept02.png\" alt=\"\" class=\"wp-image-66\" srcset=\"https:\/\/manonjeanpert.com\/wp-content\/uploads\/2024\/05\/concept02.png 400w, https:\/\/manonjeanpert.com\/wp-content\/uploads\/2024\/05\/concept02-300x300.png 300w, https:\/\/manonjeanpert.com\/wp-content\/uploads\/2024\/05\/concept02-150x150.png 150w\" sizes=\"auto, (max-width: 400px) 100vw, 400px\" \/><\/figure>\n<\/figure>\n\n\n\n<hr class=\"wp-block-separator has-alpha-channel-opacity\"\/>\n\n\n\n<div class=\"wp-block-buttons is-content-justification-center is-layout-flex wp-container-core-buttons-is-layout-a89b3969 wp-block-buttons-is-layout-flex\">\n<div class=\"wp-block-button\"><a class=\"wp-block-button__link wp-element-button\" href=\"#Formulaire\">CONTACTEZ MOI !<\/a><\/div>\n<\/div>\n\n\n\n<hr class=\"wp-block-separator has-alpha-channel-opacity\"\/>\n\n\n\n<h2 class=\"wp-block-heading\" id=\"marque\">La marque<\/h2>\n\n\n\n<p>Rituel Manucure incarne l&rsquo;excellence et le raffinement dans le domaine de la beaut\u00e9 des ongles. En tant que marque haut de gamme, elle se distingue par la qualit\u00e9 irr\u00e9prochable de ses produits et son engagement envers le bien-\u00eatre et la satisfaction des clients. Gr\u00e2ce \u00e0 une formulation riche en pigments de haute qualit\u00e9, les vernis \u00e0 ongles de Rituel Manucure offrent une coloration uniforme et des teintes captivantes, ajoutant une touche d&rsquo;\u00e9l\u00e9gance et de modernit\u00e9 \u00e0 chaque style. La marque accorde une attention particuli\u00e8re \u00e0 la s\u00e9lection des mati\u00e8res premi\u00e8res pour garantir des produits performants et respectueux de la sant\u00e9 de l&rsquo;ongle. Avec des produits fran\u00e7ais haut de gamme, elle vise \u00e0 sublimer vos ongles tout en pr\u00e9servant leur sant\u00e9, gr\u00e2ce \u00e0 des formulations de pointe assurant une tenue longue dur\u00e9e et des soins enrichissants.<\/p>\n\n\n\n<figure class=\"wp-block-gallery has-nested-images columns-2 wp-block-gallery-4 is-layout-flex wp-block-gallery-is-layout-flex\">\n<figure class=\"wp-block-image size-full\"><img loading=\"lazy\" decoding=\"async\" width=\"1920\" height=\"1670\" data-id=\"134\" src=\"https:\/\/manonjeanpert.com\/wp-content\/uploads\/2024\/08\/thumbnail_Photoroom_20240718_165511.jpg\" alt=\"\" class=\"wp-image-134\" srcset=\"https:\/\/manonjeanpert.com\/wp-content\/uploads\/2024\/08\/thumbnail_Photoroom_20240718_165511.jpg 1920w, https:\/\/manonjeanpert.com\/wp-content\/uploads\/2024\/08\/thumbnail_Photoroom_20240718_165511-300x261.jpg 300w, https:\/\/manonjeanpert.com\/wp-content\/uploads\/2024\/08\/thumbnail_Photoroom_20240718_165511-1024x891.jpg 1024w, https:\/\/manonjeanpert.com\/wp-content\/uploads\/2024\/08\/thumbnail_Photoroom_20240718_165511-768x668.jpg 768w, https:\/\/manonjeanpert.com\/wp-content\/uploads\/2024\/08\/thumbnail_Photoroom_20240718_165511-1536x1336.jpg 1536w\" sizes=\"auto, (max-width: 1920px) 100vw, 1920px\" \/><\/figure>\n\n\n\n<figure class=\"wp-block-image size-full is-style-default\"><img loading=\"lazy\" decoding=\"async\" width=\"1920\" height=\"1663\" data-id=\"127\" src=\"https:\/\/manonjeanpert.com\/wp-content\/uploads\/2024\/08\/thumbnail_Photoroom_20240730_110419.jpg\" alt=\"\" class=\"wp-image-127\" srcset=\"https:\/\/manonjeanpert.com\/wp-content\/uploads\/2024\/08\/thumbnail_Photoroom_20240730_110419.jpg 1920w, https:\/\/manonjeanpert.com\/wp-content\/uploads\/2024\/08\/thumbnail_Photoroom_20240730_110419-300x260.jpg 300w, https:\/\/manonjeanpert.com\/wp-content\/uploads\/2024\/08\/thumbnail_Photoroom_20240730_110419-1024x887.jpg 1024w, https:\/\/manonjeanpert.com\/wp-content\/uploads\/2024\/08\/thumbnail_Photoroom_20240730_110419-768x665.jpg 768w, https:\/\/manonjeanpert.com\/wp-content\/uploads\/2024\/08\/thumbnail_Photoroom_20240730_110419-1536x1330.jpg 1536w\" sizes=\"auto, (max-width: 1920px) 100vw, 1920px\" \/><\/figure>\n<\/figure>\n\n\n\n<figure class=\"wp-block-image aligncenter size-full\"><img loading=\"lazy\" decoding=\"async\" width=\"800\" height=\"376\" src=\"https:\/\/manonjeanpert.com\/wp-content\/uploads\/2024\/05\/Produits1.1.jpg\" alt=\"\" class=\"wp-image-69\" srcset=\"https:\/\/manonjeanpert.com\/wp-content\/uploads\/2024\/05\/Produits1.1.jpg 800w, https:\/\/manonjeanpert.com\/wp-content\/uploads\/2024\/05\/Produits1.1-300x141.jpg 300w, https:\/\/manonjeanpert.com\/wp-content\/uploads\/2024\/05\/Produits1.1-768x361.jpg 768w\" sizes=\"auto, (max-width: 800px) 100vw, 800px\" \/><\/figure>\n\n\n\n<hr class=\"wp-block-separator has-alpha-channel-opacity\"\/>\n\n\n\n<h2 class=\"wp-block-heading\" id=\"perimetre\">P\u00e9rim\u00e8tre<\/h2>\n\n\n\n<p>Profitez de mes services exclusifs o\u00f9 que vous soyez dans un rayon d&rsquo;environ 40 km de Sept\u00e8me, incluant une vaste portion du Rh\u00f4ne, de l&rsquo;Is\u00e8re et une partie de la Dr\u00f4me !<\/p>\n\n\n\n<hr class=\"wp-block-separator has-alpha-channel-opacity\"\/>\n\n\n\n<h2 class=\"wp-block-heading\" id=\"horaires\">Horaires<\/h2>\n\n\n\n<p>Des services \u00e0 votre disposition du lundi au samedi, de 9h \u00e0 19h, avec une flexibilit\u00e9 suppl\u00e9mentaire le dimanche.<\/p>\n\n\n\n<hr class=\"wp-block-separator has-alpha-channel-opacity\"\/>\n\n\n\n<h2 class=\"wp-block-heading\" id=\"prix\">Prix<\/h2>\n\n\n\n<p><a href=\"https:\/\/manonjeanpert.com\/wp-content\/uploads\/2025\/04\/GrilleTarifaire.pdf\" data-type=\"link\" data-id=\"https:\/\/manonjeanpert.com\/wp-content\/uploads\/2025\/04\/GrilleTarifaire.pdf\">T\u00e9l\u00e9charger la grille tarifaire.<\/a><\/p>\n\n\n\n<hr class=\"wp-block-separator has-alpha-channel-opacity\"\/>\n\n\n\n<h2 class=\"wp-block-heading\" id=\"Formulaire\">Formulaire de contact<\/h2>\n\n\n<style id=\"wpforms-css-vars-155\">\n\t\t\t\t#wpforms-155 {\n\t\t\t\t\n\t\t\t}\n\t\t\t<\/style><div class=\"wpforms-container wpforms-container-full wpforms-render-modern\" id=\"wpforms-155\"><form id=\"wpforms-form-155\" class=\"wpforms-validate wpforms-form wpforms-ajax-form\" data-formid=\"155\" method=\"post\" enctype=\"multipart\/form-data\" action=\"\/index.php\/wp-json\/wp\/v2\/pages\/2\" data-token=\"60f98be333c3c17a203d095bae91b231\" data-token-time=\"1775745520\"><noscript class=\"wpforms-error-noscript\">Veuillez activer JavaScript dans votre navigateur pour remplir ce formulaire.<\/noscript><div id=\"wpforms-error-noscript\" style=\"display: none;\">Veuillez activer JavaScript dans votre navigateur pour remplir ce formulaire.<\/div><div class=\"wpforms-field-container\">\t\t<div id=\"wpforms-155-field_5-container\"\n\t\t\tclass=\"wpforms-field wpforms-field-text\"\n\t\t\tdata-field-type=\"text\"\n\t\t\tdata-field-id=\"5\"\n\t\t\t>\n\t\t\t<label class=\"wpforms-field-label\" for=\"wpforms-155-field_5\" >demande de votre<\/label>\n\t\t\t<input type=\"text\" id=\"wpforms-155-field_5\" class=\"wpforms-field-medium\" name=\"wpforms[fields][5]\" >\n\t\t<\/div>\n\t\t<div id=\"wpforms-155-field_1-container\" class=\"wpforms-field wpforms-field-name\" data-field-id=\"1\"><fieldset><legend class=\"wpforms-field-label\">Nom <span class=\"wpforms-required-label\" aria-hidden=\"true\">*<\/span><\/legend><div class=\"wpforms-field-row wpforms-field-medium\"><div class=\"wpforms-field-row-block wpforms-first wpforms-one-half\"><input type=\"text\" id=\"wpforms-155-field_1\" class=\"wpforms-field-name-first wpforms-field-required\" name=\"wpforms[fields][1][first]\" placeholder=\"Pr\u00e9nom\" aria-errormessage=\"wpforms-155-field_1-error\" required><label for=\"wpforms-155-field_1\" class=\"wpforms-field-sublabel after wpforms-sublabel-hide\">Pr\u00e9nom<\/label><\/div><div class=\"wpforms-field-row-block wpforms-one-half\"><input type=\"text\" id=\"wpforms-155-field_1-last\" class=\"wpforms-field-name-last wpforms-field-required\" name=\"wpforms[fields][1][last]\" placeholder=\"Nom\" aria-errormessage=\"wpforms-155-field_1-last-error\" required><label for=\"wpforms-155-field_1-last\" class=\"wpforms-field-sublabel after wpforms-sublabel-hide\">Nom<\/label><\/div><\/div><\/fieldset><\/div><div id=\"wpforms-155-field_2-container\" class=\"wpforms-field wpforms-field-email\" data-field-id=\"2\"><label class=\"wpforms-field-label\" for=\"wpforms-155-field_2\">E-mail <span class=\"wpforms-required-label\" aria-hidden=\"true\">*<\/span><\/label><input type=\"email\" id=\"wpforms-155-field_2\" class=\"wpforms-field-medium wpforms-field-required\" name=\"wpforms[fields][2]\" spellcheck=\"false\" aria-errormessage=\"wpforms-155-field_2-error\" required><\/div><div id=\"wpforms-155-field_4-container\" class=\"wpforms-field wpforms-field-select wpforms-field-select-style-classic\" data-field-id=\"4\"><label class=\"wpforms-field-label\" for=\"wpforms-155-field_4\">Objet de votre demande<\/label><select id=\"wpforms-155-field_4\" class=\"wpforms-field-medium\" name=\"wpforms[fields][4]\"><option value=\"Demande de renseignements\"  class=\"choice-2 depth-1\"  >Demande de renseignements<\/option><option value=\"Prise de rendez-vous\"  class=\"choice-1 depth-1\"  >Prise de rendez-vous<\/option><option value=\"Autres\"  class=\"choice-3 depth-1\"  >Autres<\/option><\/select><\/div><div id=\"wpforms-155-field_3-container\" class=\"wpforms-field wpforms-field-textarea\" data-field-id=\"3\"><textarea id=\"wpforms-155-field_3\" class=\"wpforms-field-medium wpforms-limit-characters-enabled\" data-form-id=\"155\" data-field-id=\"3\" data-text-limit=\"1000\" name=\"wpforms[fields][3]\" placeholder=\"Indiquez le sujet de votre message (ex : prise de rendez-vous, renseignements, etc.)\" aria-errormessage=\"wpforms-155-field_3-error\" maxlength=\"1000\" ><\/textarea><\/div><script>\n\t\t\t\t( function() {\n\t\t\t\t\tconst style = document.createElement( 'style' );\n\t\t\t\t\tstyle.appendChild( document.createTextNode( '#wpforms-155-field_5-container { position: absolute !important; overflow: hidden !important; display: inline !important; height: 1px !important; width: 1px !important; z-index: -1000 !important; padding: 0 !important; } #wpforms-155-field_5-container input { visibility: hidden; } #wpforms-conversational-form-page #wpforms-155-field_5-container label { counter-increment: none; }' ) );\n\t\t\t\t\tdocument.head.appendChild( style );\n\t\t\t\t\tdocument.currentScript?.remove();\n\t\t\t\t} )();\n\t\t\t<\/script><\/div><!-- .wpforms-field-container --><div class=\"wpforms-submit-container\" ><input type=\"hidden\" name=\"wpforms[id]\" value=\"155\"><input type=\"hidden\" name=\"page_title\" value=\"\"><input type=\"hidden\" name=\"page_url\" value=\"https:\/\/manonjeanpert.com\/index.php\/wp-json\/wp\/v2\/pages\/2\"><input type=\"hidden\" name=\"url_referer\" value=\"\"><button type=\"submit\" name=\"wpforms[submit]\" id=\"wpforms-submit-155\" class=\"wpforms-submit\" data-alt-text=\"Envoi...\" data-submit-text=\"Envoyer\" aria-live=\"assertive\" value=\"wpforms-submit\">Envoyer<\/button><img loading=\"lazy\" decoding=\"async\" src=\"https:\/\/manonjeanpert.com\/wp-content\/plugins\/wpforms-lite\/assets\/images\/submit-spin.svg\" class=\"wpforms-submit-spinner\" style=\"display: none;\" width=\"26\" height=\"26\" alt=\"Chargement en cours\"><\/div><\/form><\/div>  <!-- .wpforms-container -->\n\n\n\n<hr class=\"wp-block-separator has-alpha-channel-opacity\" id=\"Formulaire\"\/>\n\n\n\n<div class=\"wp-block-buttons is-content-justification-center is-layout-flex wp-container-core-buttons-is-layout-a89b3969 wp-block-buttons-is-layout-flex\">\n<div class=\"wp-block-button\"><a class=\"wp-block-button__link wp-element-button\" href=\"tel:0681805956\">Appelez-moi au 0681805956<\/a><\/div>\n<\/div>\n\n\n\n<p><\/p>\n","protected":false},"excerpt":{"rendered":"<p>Studio priv\u00e9 \u2022 Approche sur mesure \u2022 Expertise &amp; hygi\u00e8ne irr\u00e9prochable \u00c0 deux pas du Parc de la T\u00eate d\u2019Or, [&hellip;]<\/p>\n","protected":false},"author":1,"featured_media":0,"parent":0,"menu_order":0,"comment_status":"closed","ping_status":"closed","template":"","meta":{"site-sidebar-layout":"default","site-content-layout":"","ast-site-content-layout":"","site-content-style":"default","site-sidebar-style":"default","ast-global-header-display":"","ast-banner-title-visibility":"","ast-main-header-display":"","ast-hfb-above-header-display":"","ast-hfb-below-header-display":"","ast-hfb-mobile-header-display":"","site-post-title":"","ast-breadcrumbs-content":"","ast-featured-img":"","footer-sml-layout":"","theme-transparent-header-meta":"","adv-header-id-meta":"","stick-header-meta":"","header-above-stick-meta":"","header-main-stick-meta":"","header-below-stick-meta":"","astra-migrate-meta-layouts":"default","ast-page-background-enabled":"default","ast-page-background-meta":{"desktop":{"background-color":"var(--ast-global-color-4)","background-image":"","background-repeat":"repeat","background-position":"center center","background-size":"auto","background-attachment":"scroll","background-type":"","background-media":"","overlay-type":"","overlay-color":"","overlay-opacity":"","overlay-gradient":""},"tablet":{"background-color":"","background-image":"","background-repeat":"repeat","background-position":"center center","background-size":"auto","background-attachment":"scroll","background-type":"","background-media":"","overlay-type":"","overlay-color":"","overlay-opacity":"","overlay-gradient":""},"mobile":{"background-color":"","background-image":"","background-repeat":"repeat","background-position":"center center","background-size":"auto","background-attachment":"scroll","background-type":"","background-media":"","overlay-type":"","overlay-color":"","overlay-opacity":"","overlay-gradient":""}},"ast-content-background-meta":{"desktop":{"background-color":"var(--ast-global-color-5)","background-image":"","background-repeat":"repeat","background-position":"center center","background-size":"auto","background-attachment":"scroll","background-type":"","background-media":"","overlay-type":"","overlay-color":"","overlay-opacity":"","overlay-gradient":""},"tablet":{"background-color":"var(--ast-global-color-5)","background-image":"","background-repeat":"repeat","background-position":"center center","background-size":"auto","background-attachment":"scroll","background-type":"","background-media":"","overlay-type":"","overlay-color":"","overlay-opacity":"","overlay-gradient":""},"mobile":{"background-color":"var(--ast-global-color-5)","background-image":"","background-repeat":"repeat","background-position":"center center","background-size":"auto","background-attachment":"scroll","background-type":"","background-media":"","overlay-type":"","overlay-color":"","overlay-opacity":"","overlay-gradient":""}},"footnotes":""},"class_list":["post-2","page","type-page","status-publish","hentry"],"_links":{"self":[{"href":"https:\/\/manonjeanpert.com\/index.php\/wp-json\/wp\/v2\/pages\/2","targetHints":{"allow":["GET"]}}],"collection":[{"href":"https:\/\/manonjeanpert.com\/index.php\/wp-json\/wp\/v2\/pages"}],"about":[{"href":"https:\/\/manonjeanpert.com\/index.php\/wp-json\/wp\/v2\/types\/page"}],"author":[{"embeddable":true,"href":"https:\/\/manonjeanpert.com\/index.php\/wp-json\/wp\/v2\/users\/1"}],"replies":[{"embeddable":true,"href":"https:\/\/manonjeanpert.com\/index.php\/wp-json\/wp\/v2\/comments?post=2"}],"version-history":[{"count":51,"href":"https:\/\/manonjeanpert.com\/index.php\/wp-json\/wp\/v2\/pages\/2\/revisions"}],"predecessor-version":[{"id":243,"href":"https:\/\/manonjeanpert.com\/index.php\/wp-json\/wp\/v2\/pages\/2\/revisions\/243"}],"wp:attachment":[{"href":"https:\/\/manonjeanpert.com\/index.php\/wp-json\/wp\/v2\/media?parent=2"}],"curies":[{"name":"wp","href":"https:\/\/api.w.org\/{rel}","templated":true}]}}